{"id":37,"date":"2022-08-26T11:05:04","date_gmt":"2022-08-26T11:05:04","guid":{"rendered":"https:\/\/angelamaurizi.ch\/?page_id=37"},"modified":"2025-09-15T18:37:54","modified_gmt":"2025-09-15T18:37:54","slug":"ueber-uns","status":"publish","type":"page","link":"https:\/\/angelamaurizi.ch\/?page_id=37","title":{"rendered":"\u00dcber mich"},"content":{"rendered":"\n<p><\/p>\n\n\n\n<p><\/p>\n\n\n\n<p>Herzlich Willkommen &#8211; sch\u00f6n dass Sie hier sind!<\/p>\n\n\n\n<p>In Freiheit und Ganzheit zu leben \u2013 und dabei den Menschen, die ich liebe, nahe sein \u2013 das ist das, was mich wirklich erf\u00fcllt. Und wenn sich diese Menschlichkeit bei den Klienten in Trainings zeigt, wie zum Beispiel eine Sportlehrerin: Die in einem Training gelernt hat, an sich selbst festzuhalten und eine Offenheit und Kreativit\u00e4t findet, wie sie die Jugendlichen im Sportunterricht motivieren und mitreissen kann und selber Ideen findet, wie sie eine Welt erschaffen kann, die die Bed\u00fcrfnisse aller erf\u00fcllt, dann bin ich gl\u00fccklich. F\u00fcr eine Welt beizutragen, die f\u00fcr alle funktioniert. \ud83c\udf3f<\/p>\n\n\n\n<p>Die <strong>Gewaltfreie Kommunikation<\/strong> und Living Compassion sind f\u00fcr mich seit vielen Jahren mehr als eine Methode. Sie ist eine <strong>Haltung, die mich tr\u00e4gt,<\/strong> verwandelt und mir immer wieder neue Wege er\u00f6ffnet.<\/p>\n\n\n\n<p>Ich wei\u00df aus eigener Erfahrung, wie herausfordernd Beziehungen, innere K\u00e4mpfe oder alte Wunden sein k\u00f6nnen. Und ich wei\u00df auch, wie heilsam es ist, wenn wir wieder Zugang zu Klarheit, Verbindung und Vertrauen finden.<\/p>\n\n\n\n<p>Wenn Sie sp\u00fcren, dass es Zeit ist f\u00fcr Ver\u00e4nderung, lade ich Sie herzlich ein:<br>\ud83d\udc49 Rufen Sie mich gerne an oder schreiben Sie mir eine E-Mail.<\/p>\n\n\n\n<p>Ich bin Mutter von 2 Kindern (Zwillinge, Jahrgang 2019), Ehefrau, Kauffrau, Primarlehrerin B.A., Trainerin f\u00fcr Gewaltfreie Kommunikation am Ende des internationalen Zertifizierungsprozesses des CNVC, Havening Trauma Practitioner am Ende des Zertifizierungsprozesses, naturliebend, kinderliebend, menschenliebend, musikliebend und ich bin echt statt nett \ud83d\ude42<\/p>\n\n\n\n<figure class=\"wp-block-image size-full is-resized\"><img loading=\"lazy\" decoding=\"async\" width=\"351\" height=\"525\" src=\"https:\/\/angelamaurizi.ch\/wp-content\/uploads\/2025\/09\/Foto-von-mir-1.jpg\" alt=\"\" class=\"wp-image-534\" style=\"width:257px;height:auto\" srcset=\"https:\/\/angelamaurizi.ch\/wp-content\/uploads\/2025\/09\/Foto-von-mir-1.jpg 351w, https:\/\/angelamaurizi.ch\/wp-content\/uploads\/2025\/09\/Foto-von-mir-1-201x300.jpg 201w\" sizes=\"auto, (max-width: 351px) 100vw, 351px\" \/><\/figure>\n\n\n\n<p class=\"has-text-align-left\"><\/p>\n\n\n\n<p><\/p>\n","protected":false},"excerpt":{"rendered":"<p>Herzlich Willkommen &#8211; sch\u00f6n dass Sie hier sind! In Freiheit und Ganzheit zu leben \u2013 und dabei den Menschen, die ich liebe, nahe sein \u2013 das ist das, was mich wirklich erf\u00fcllt. Und wenn sich diese Menschlichkeit bei den Klienten in Trainings zeigt, wie zum Beispiel eine Sportlehrerin: Die in einem Training gelernt hat, an &hellip; <\/p>\n<p class=\"link-more\"><a href=\"https:\/\/angelamaurizi.ch\/?page_id=37\" class=\"more-link\"><span class=\"screen-reader-text\">\u201e\u00dcber mich\u201c<\/span> weiterlesen<\/a><\/p>\n","protected":false},"author":2,"featured_media":92,"parent":0,"menu_order":30,"comment_status":"closed","ping_status":"closed","template":"","meta":{"footnotes":""},"class_list":["post-37","page","type-page","status-publish","has-post-thumbnail","hentry"],"_links":{"self":[{"href":"https:\/\/angelamaurizi.ch\/index.php?rest_route=\/wp\/v2\/pages\/37","targetHints":{"allow":["GET"]}}],"collection":[{"href":"https:\/\/angelamaurizi.ch\/index.php?rest_route=\/wp\/v2\/pages"}],"about":[{"href":"https:\/\/angelamaurizi.ch\/index.php?rest_route=\/wp\/v2\/types\/page"}],"author":[{"embeddable":true,"href":"https:\/\/angelamaurizi.ch\/index.php?rest_route=\/wp\/v2\/users\/2"}],"replies":[{"embeddable":true,"href":"https:\/\/angelamaurizi.ch\/index.php?rest_route=%2Fwp%2Fv2%2Fcomments&post=37"}],"version-history":[{"count":48,"href":"https:\/\/angelamaurizi.ch\/index.php?rest_route=\/wp\/v2\/pages\/37\/revisions"}],"predecessor-version":[{"id":660,"href":"https:\/\/angelamaurizi.ch\/index.php?rest_route=\/wp\/v2\/pages\/37\/revisions\/660"}],"wp:featuredmedia":[{"embeddable":true,"href":"https:\/\/angelamaurizi.ch\/index.php?rest_route=\/wp\/v2\/media\/92"}],"wp:attachment":[{"href":"https:\/\/angelamaurizi.ch\/index.php?rest_route=%2Fwp%2Fv2%2Fmedia&parent=37"}],"curies":[{"name":"wp","href":"https:\/\/api.w.org\/{rel}","templated":true}]}}