{"id":36,"date":"2022-08-26T11:05:04","date_gmt":"2022-08-26T11:05:04","guid":{"rendered":"https:\/\/angelamaurizi.ch\/?page_id=36"},"modified":"2025-09-14T17:12:55","modified_gmt":"2025-09-14T17:12:55","slug":"startseite","status":"publish","type":"page","link":"https:\/\/angelamaurizi.ch\/","title":{"rendered":"Was Sie mit mir erreichen k\u00f6nnen:"},"content":{"rendered":"\n<h3 class=\"wp-block-heading\"><\/h3>\n\n\n\n<div class=\"wp-block-group\"><div class=\"wp-block-group__inner-container is-layout-constrained wp-block-group-is-layout-constrained\">\n<ul class=\"wp-block-list custom-stars\">\n<li class=\"has-medium-font-size\">Konflikte l\u00f6sen, ohne dass jemand verliert.<\/li>\n\n\n\n<li class=\"has-medium-font-size\">Klarheit gewinnen und Entscheidungen treffen, die sich stimmig anf\u00fchlen.<\/li>\n\n\n\n<li class=\"has-medium-font-size\">Alte Wunden sanft heilen und wieder Leichtigkeit sp\u00fcren.<\/li>\n\n\n\n<li class=\"has-medium-font-size\">Beziehungen gestalten, in denen echte Verbindung m\u00f6glich ist.<\/li>\n\n\n\n<li class=\"has-medium-font-size\">St\u00e4rkung von Teams &#8211; Trainingstage f\u00fcr Kitas, Schulen und Firmen<\/li>\n<\/ul>\n<\/div><\/div>\n\n\n<p><!-- \/wp:post-content --><\/p>\n<p><!-- wp:paragraph {\"fontSize\":\"medium\"} --><\/p>\n<\/p>\n<p class=\"has-medium-font-size\">Was Menschen \u00fcber meine Arbeit gesagt oder geschrieben haben:<\/p>\n<p><!-- \/wp:paragraph --><\/p>\n<p><!-- wp:paragraph --><\/p>\n<p>\u201eWir sind\u00a0wahnsinnig dankbar f\u00fcr unsere Verbindung und wollen Angela von Herzen danke sagen. Angela erinnert uns immer wieder daran umzudenken und in die liebevolle Haltung zu kommen. So lernen wir immer mehr in die Verbindung mit uns zukommen.\u201c K. &amp; D.<\/p>\n<p><!-- \/wp:paragraph --><\/p>\n<p><!-- wp:paragraph --><\/p>\n<p>&#8222;Ich bin Angela dankbar, sie hat mich in einer schwierigen Zeit begleitet und mir geholfen, mich mit meiner inneren Kraft zu verbinden und mir treu zu bleiben. Ich danke ihr von Herzen.\u201c P.<\/p>\n<p><!-- \/wp:paragraph --><\/p>\n<p><!-- wp:paragraph --><\/p>\n<p>\u201eDank des Coachings habe ich gelernt, f\u00fcr mich einzustehen ohne einen Vorwurf zu machen. Ich h\u00f6re jetzt wirklich zu und ich verstehe meine Partnerin auf einer tieferen Ebene. Das hat nicht nur unsere Beziehung gest\u00e4rkt, sondern auch unser Familienleben harmonischer gemacht.\u201c M.<\/p>\n<p><!-- \/wp:paragraph --><\/p>\n<p><!-- wp:paragraph --><\/p>\n<p>\u201eIch h\u00e4tte nie gedacht, dass eine Mediation so viel bewirken kann! Durch die einf\u00fchlsame Begleitung von Angela konnte ich meine eigenen Bed\u00fcrfnisse besser verstehen und ausdr\u00fccken und gleichzeitig mehr Mitgef\u00fchl f\u00fcr mein Mann entwickeln. Es war nicht immer einfach, aber unglaublich befreiend. Ich kann es nur weiterempfehlen!\u201c R.<\/p>\n<p><!-- \/wp:paragraph --><\/p>\n<p><!-- wp:paragraph --><\/p>\n<p>\u201eWas ich an diesem Coaching besonders gesch\u00e4tzt habe: Es ging nicht darum, das zu h\u00f6ren, was angenehm ist, sondern darum, echte Klarheit zu gewinnen. Angela hat mir geholfen, meine eigenen Kommunikationsmuster zu erkennen \u2013 auch wenn es manchmal herausfordernd war. Genau das hat mich weitergebracht! Durch diese ehrliche und wertsch\u00e4tzende Atmosph\u00e4re konnte ich meine Art zu kommunizieren bewusst ver\u00e4ndern und sp\u00fcre heute mehr Verbindung.&#8220; B.<\/p>\n<p><!-- \/wp:paragraph --><\/p>\n<p><!-- wp:paragraph --><\/p>\n<p>&#8222;Meine Tochter hatte immer wieder Ausbr\u00fcche beim Lernen und seit den Havening Sitzungen ist sie gelassener und ruhiger. Hat mehr Vertrauen in ihre F\u00e4higkeiten gewonnen. Ich bin sehr dankbar, weil es unser Familienleben einfacher gemacht hat&#8220; U.<\/p>\n<p><!-- \/wp:paragraph --><\/p>","protected":false},"excerpt":{"rendered":"<p>Was Menschen \u00fcber meine Arbeit gesagt oder geschrieben haben: \u201eWir sind\u00a0wahnsinnig dankbar f\u00fcr unsere Verbindung und wollen Angela von Herzen danke sagen. Angela erinnert uns immer wieder daran umzudenken und in die liebevolle Haltung zu kommen. So lernen wir immer mehr in die Verbindung mit uns zukommen.\u201c K. &amp; D. &#8222;Ich bin Angela dankbar, sie &hellip; <\/p>\n<p class=\"link-more\"><a href=\"https:\/\/angelamaurizi.ch\/\" class=\"more-link\"><span class=\"screen-reader-text\">\u201eWas Sie mit mir erreichen k\u00f6nnen:\u201c<\/span> weiterlesen<\/a><\/p>\n","protected":false},"author":2,"featured_media":0,"parent":0,"menu_order":0,"comment_status":"closed","ping_status":"closed","template":"","meta":{"footnotes":""},"class_list":["post-36","page","type-page","status-publish","hentry"],"_links":{"self":[{"href":"https:\/\/angelamaurizi.ch\/index.php?rest_route=\/wp\/v2\/pages\/36","targetHints":{"allow":["GET"]}}],"collection":[{"href":"https:\/\/angelamaurizi.ch\/index.php?rest_route=\/wp\/v2\/pages"}],"about":[{"href":"https:\/\/angelamaurizi.ch\/index.php?rest_route=\/wp\/v2\/types\/page"}],"author":[{"embeddable":true,"href":"https:\/\/angelamaurizi.ch\/index.php?rest_route=\/wp\/v2\/users\/2"}],"replies":[{"embeddable":true,"href":"https:\/\/angelamaurizi.ch\/index.php?rest_route=%2Fwp%2Fv2%2Fcomments&post=36"}],"version-history":[{"count":33,"href":"https:\/\/angelamaurizi.ch\/index.php?rest_route=\/wp\/v2\/pages\/36\/revisions"}],"predecessor-version":[{"id":654,"href":"https:\/\/angelamaurizi.ch\/index.php?rest_route=\/wp\/v2\/pages\/36\/revisions\/654"}],"wp:attachment":[{"href":"https:\/\/angelamaurizi.ch\/index.php?rest_route=%2Fwp%2Fv2%2Fmedia&parent=36"}],"curies":[{"name":"wp","href":"https:\/\/api.w.org\/{rel}","templated":true}]}}